{"id":7,"date":"2020-01-24T10:45:15","date_gmt":"2020-01-24T10:45:15","guid":{"rendered":"http:\/\/neumannsparadiso.de\/?page_id=7"},"modified":"2020-06-02T14:22:44","modified_gmt":"2020-06-02T14:22:44","slug":"hier-entsteht-demnaechst-eine-website-fuer-sie","status":"publish","type":"page","link":"https:\/\/neumannsparadiso.de\/","title":{"rendered":"Neumann&#8217;s Paradiso"},"content":{"rendered":"\r\n<h2 class=\"wp-block-heading\"><strong>Hier entsteht demn\u00e4chst eine Homepage f\u00fcr Dich.<\/strong><\/h2>\r\n\r\n\r\n\r\n<p>Derzeit erreichst Du uns wie folgt:<\/p>\r\n\r\n\r\n\r\n<p><strong>Neumann&#8217;s Paradiso<br \/><\/strong>Friedhofstra\u00dfe 10a<br \/>55271 Stadecken-Elsheim<br \/>Tel.: 06130 207979<br \/><a href=\"mailto:webmaster@neumannsparadiso.de\">webmaster@neumannsparadiso.de<\/a><\/p>\r\n\r\n\r\n","protected":false},"excerpt":{"rendered":"<p>Hier entsteht demn\u00e4chst eine Homepage f\u00fcr Dich. Derzeit erreichst Du uns wie folgt: Neumann&#8217;s ParadisoFriedhofstra\u00dfe 10a55271 Stadecken-ElsheimTel.: 06130 207979webmaster@neumannsparadiso.de<\/p>\n","protected":false},"author":1,"featured_media":0,"parent":0,"menu_order":0,"comment_status":"closed","ping_status":"closed","template":"","meta":{"footnotes":""},"class_list":["post-7","page","type-page","status-publish","hentry"],"yoast_head":"<!-- This site is optimized with the Yoast SEO plugin v24.9 - https:\/\/yoast.com\/wordpress\/plugins\/seo\/ -->\n<title>Neumann&#039;s Paradiso - Neumann&#039;s Paradiso<\/title>\n<meta name=\"robots\" content=\"index, follow, max-snippet:-1, max-image-preview:large, max-video-preview:-1\" \/>\n<link rel=\"canonical\" href=\"https:\/\/neumannsparadiso.de\/\" \/>\n<meta property=\"og:locale\" content=\"de_DE\" \/>\n<meta property=\"og:type\" content=\"article\" \/>\n<meta property=\"og:title\" content=\"Neumann&#039;s Paradiso - Neumann&#039;s Paradiso\" \/>\n<meta property=\"og:description\" content=\"Hier entsteht demn\u00e4chst eine Homepage f\u00fcr Dich. Derzeit erreichst Du uns wie folgt: Neumann&#8217;s ParadisoFriedhofstra\u00dfe 10a55271 Stadecken-ElsheimTel.: 06130 207979webmaster@neumannsparadiso.de\" \/>\n<meta property=\"og:url\" content=\"https:\/\/neumannsparadiso.de\/\" \/>\n<meta property=\"og:site_name\" content=\"Neumann&#039;s Paradiso\" \/>\n<meta property=\"article:modified_time\" content=\"2020-06-02T14:22:44+00:00\" \/>\n<meta name=\"twitter:card\" content=\"summary_large_image\" \/>\n<script type=\"application\/ld+json\" class=\"yoast-schema-graph\">{\"@context\":\"https:\/\/schema.org\",\"@graph\":[{\"@type\":\"WebPage\",\"@id\":\"https:\/\/neumannsparadiso.de\/\",\"url\":\"https:\/\/neumannsparadiso.de\/\",\"name\":\"Neumann's Paradiso - Neumann&#039;s Paradiso\",\"isPartOf\":{\"@id\":\"https:\/\/neumannsparadiso.de\/#website\"},\"datePublished\":\"2020-01-24T10:45:15+00:00\",\"dateModified\":\"2020-06-02T14:22:44+00:00\",\"breadcrumb\":{\"@id\":\"https:\/\/neumannsparadiso.de\/#breadcrumb\"},\"inLanguage\":\"de\",\"potentialAction\":[{\"@type\":\"ReadAction\",\"target\":[\"https:\/\/neumannsparadiso.de\/\"]}]},{\"@type\":\"BreadcrumbList\",\"@id\":\"https:\/\/neumannsparadiso.de\/#breadcrumb\",\"itemListElement\":[{\"@type\":\"ListItem\",\"position\":1,\"name\":\"Startseite\",\"item\":\"https:\/\/neumannsparadiso.de\/\"},{\"@type\":\"ListItem\",\"position\":2,\"name\":\"Neumann&#8217;s Paradiso\"}]},{\"@type\":\"WebSite\",\"@id\":\"https:\/\/neumannsparadiso.de\/#website\",\"url\":\"https:\/\/neumannsparadiso.de\/\",\"name\":\"Neumann&#039;s Paradiso\",\"description\":\"Freude am N\u00e4hen\",\"potentialAction\":[{\"@type\":\"SearchAction\",\"target\":{\"@type\":\"EntryPoint\",\"urlTemplate\":\"https:\/\/neumannsparadiso.de\/?s={search_term_string}\"},\"query-input\":{\"@type\":\"PropertyValueSpecification\",\"valueRequired\":true,\"valueName\":\"search_term_string\"}}],\"inLanguage\":\"de\"}]}<\/script>\n<!-- \/ Yoast SEO plugin. -->","yoast_head_json":{"title":"Neumann's Paradiso - Neumann&#039;s Paradiso","robots":{"index":"index","follow":"follow","max-snippet":"max-snippet:-1","max-image-preview":"max-image-preview:large","max-video-preview":"max-video-preview:-1"},"canonical":"https:\/\/neumannsparadiso.de\/","og_locale":"de_DE","og_type":"article","og_title":"Neumann's Paradiso - Neumann&#039;s Paradiso","og_description":"Hier entsteht demn\u00e4chst eine Homepage f\u00fcr Dich. Derzeit erreichst Du uns wie folgt: Neumann&#8217;s ParadisoFriedhofstra\u00dfe 10a55271 Stadecken-ElsheimTel.: 06130 207979webmaster@neumannsparadiso.de","og_url":"https:\/\/neumannsparadiso.de\/","og_site_name":"Neumann&#039;s Paradiso","article_modified_time":"2020-06-02T14:22:44+00:00","twitter_card":"summary_large_image","schema":{"@context":"https:\/\/schema.org","@graph":[{"@type":"WebPage","@id":"https:\/\/neumannsparadiso.de\/","url":"https:\/\/neumannsparadiso.de\/","name":"Neumann's Paradiso - Neumann&#039;s Paradiso","isPartOf":{"@id":"https:\/\/neumannsparadiso.de\/#website"},"datePublished":"2020-01-24T10:45:15+00:00","dateModified":"2020-06-02T14:22:44+00:00","breadcrumb":{"@id":"https:\/\/neumannsparadiso.de\/#breadcrumb"},"inLanguage":"de","potentialAction":[{"@type":"ReadAction","target":["https:\/\/neumannsparadiso.de\/"]}]},{"@type":"BreadcrumbList","@id":"https:\/\/neumannsparadiso.de\/#breadcrumb","itemListElement":[{"@type":"ListItem","position":1,"name":"Startseite","item":"https:\/\/neumannsparadiso.de\/"},{"@type":"ListItem","position":2,"name":"Neumann&#8217;s Paradiso"}]},{"@type":"WebSite","@id":"https:\/\/neumannsparadiso.de\/#website","url":"https:\/\/neumannsparadiso.de\/","name":"Neumann&#039;s Paradiso","description":"Freude am N\u00e4hen","potentialAction":[{"@type":"SearchAction","target":{"@type":"EntryPoint","urlTemplate":"https:\/\/neumannsparadiso.de\/?s={search_term_string}"},"query-input":{"@type":"PropertyValueSpecification","valueRequired":true,"valueName":"search_term_string"}}],"inLanguage":"de"}]}},"_links":{"self":[{"href":"https:\/\/neumannsparadiso.de\/index.php?rest_route=\/wp\/v2\/pages\/7","targetHints":{"allow":["GET"]}}],"collection":[{"href":"https:\/\/neumannsparadiso.de\/index.php?rest_route=\/wp\/v2\/pages"}],"about":[{"href":"https:\/\/neumannsparadiso.de\/index.php?rest_route=\/wp\/v2\/types\/page"}],"author":[{"embeddable":true,"href":"https:\/\/neumannsparadiso.de\/index.php?rest_route=\/wp\/v2\/users\/1"}],"replies":[{"embeddable":true,"href":"https:\/\/neumannsparadiso.de\/index.php?rest_route=%2Fwp%2Fv2%2Fcomments&post=7"}],"version-history":[{"count":10,"href":"https:\/\/neumannsparadiso.de\/index.php?rest_route=\/wp\/v2\/pages\/7\/revisions"}],"predecessor-version":[{"id":94,"href":"https:\/\/neumannsparadiso.de\/index.php?rest_route=\/wp\/v2\/pages\/7\/revisions\/94"}],"wp:attachment":[{"href":"https:\/\/neumannsparadiso.de\/index.php?rest_route=%2Fwp%2Fv2%2Fmedia&parent=7"}],"curies":[{"name":"wp","href":"https:\/\/api.w.org\/{rel}","templated":true}]}}